{"id":2,"date":"2021-02-11T19:00:34","date_gmt":"2021-02-11T19:00:34","guid":{"rendered":"http:\/\/www.eastvill.hu\/?page_id=2"},"modified":"2021-03-01T09:06:41","modified_gmt":"2021-03-01T09:06:41","slug":"eastvill-kik-vagyunk","status":"publish","type":"page","link":"https:\/\/www.eastvill.hu\/?page_id=2","title":{"rendered":"Kik vagyunk?"},"content":{"rendered":"\n<p class=\"has-text-align-center\"><img decoding=\"async\" class=\"wp-image-263\" style=\"width: 550px;\" src=\"http:\/\/www.eastvill.hu\/wp-content\/uploads\/2021\/02\/EastVill-kombinalt-banner.jpg\" alt=\"\"><\/p>\n\n\n\n<p class=\"has-text-align-center\">\u00dcdv\u00f6zl\u00f6m! Nagy P\u00e1l vagyok az EastVill tulajdonosa. C\u00e9g\u00fcnk f\u0151 profilja az \u00e9p\u00fcletautomatika rendszerek ezen bel\u00fcl is Loxone rendszerek szerel\u00e9se, telep\u00edt\u00e9se, karbantart\u00e1sa. <\/p>\n\n\n\n<p class=\"has-text-align-center\">Term\u00e9szetesen &#8222;hagyom\u00e1nyos&#8221; \u00e9p\u00fclet villanyszerel\u00e9ssel \u00e9s informatikai h\u00e1l\u00f3zat ki\u00e9p\u00edt\u00e9s\u00e9vel is foglalkozunk, megrendel\u0151ink \u00edgy egy k\u00e9zb\u0151l kaphatnak komplett kivitelez\u00e9st \u00e9p\u00edtkez\u00e9seik vagy fel\u00faj\u00edt\u00e1saik sor\u00e1n. <\/p>\n\n\n\n<p class=\"has-text-align-center\">Kivitelez\u00e9s sor\u00e1n igyeksz\u00fcnk a legmodernebb anyagokat \u00e9s technik\u00e1kat haszn\u00e1lva biztos\u00edtani azt, hogy a legjobb min\u0151s\u00e9g\u0171 munk\u00e1t adjuk \u00e1t \u00fcgyfeleink r\u00e9sz\u00e9re.<\/p>\n","protected":false},"excerpt":{"rendered":"<p>\u00dcdv\u00f6zl\u00f6m! Nagy P\u00e1l vagyok az EastVill tulajdonosa. C\u00e9g\u00fcnk f\u0151 profilja az \u00e9p\u00fcletautomatika rendszerek ezen bel\u00fcl is Loxone rendszerek szerel\u00e9se, telep\u00edt\u00e9se, karbantart\u00e1sa. Term\u00e9szetesen &#8222;hagyom\u00e1nyos&#8221; \u00e9p\u00fclet villanyszerel\u00e9ssel \u00e9s informatikai h\u00e1l\u00f3zat ki\u00e9p\u00edt\u00e9s\u00e9vel is foglalkozunk, megrendel\u0151ink \u00edgy egy k\u00e9zb\u0151l kaphatnak komplett kivitelez\u00e9st \u00e9p\u00edtkez\u00e9seik vagy fel\u00faj\u00edt\u00e1saik sor\u00e1n. Kivitelez\u00e9s sor\u00e1n igyeksz\u00fcnk a legmodernebb anyagokat \u00e9s technik\u00e1kat [&hellip;]<\/p>\n","protected":false},"author":1,"featured_media":0,"parent":0,"menu_order":0,"comment_status":"closed","ping_status":"open","template":"","meta":{"footnotes":""},"class_list":["post-2","page","type-page","status-publish","hentry"],"_links":{"self":[{"href":"https:\/\/www.eastvill.hu\/index.php?rest_route=\/wp\/v2\/pages\/2","targetHints":{"allow":["GET"]}}],"collection":[{"href":"https:\/\/www.eastvill.hu\/index.php?rest_route=\/wp\/v2\/pages"}],"about":[{"href":"https:\/\/www.eastvill.hu\/index.php?rest_route=\/wp\/v2\/types\/page"}],"author":[{"embeddable":true,"href":"https:\/\/www.eastvill.hu\/index.php?rest_route=\/wp\/v2\/users\/1"}],"replies":[{"embeddable":true,"href":"https:\/\/www.eastvill.hu\/index.php?rest_route=%2Fwp%2Fv2%2Fcomments&post=2"}],"version-history":[{"count":3,"href":"https:\/\/www.eastvill.hu\/index.php?rest_route=\/wp\/v2\/pages\/2\/revisions"}],"predecessor-version":[{"id":330,"href":"https:\/\/www.eastvill.hu\/index.php?rest_route=\/wp\/v2\/pages\/2\/revisions\/330"}],"wp:attachment":[{"href":"https:\/\/www.eastvill.hu\/index.php?rest_route=%2Fwp%2Fv2%2Fmedia&parent=2"}],"curies":[{"name":"wp","href":"https:\/\/api.w.org\/{rel}","templated":true}]}}