{"id":940,"date":"2022-02-18T18:10:03","date_gmt":"2022-02-18T18:10:03","guid":{"rendered":"http:\/\/www.eastvill.hu\/?page_id=940"},"modified":"2022-02-18T18:10:03","modified_gmt":"2022-02-18T18:10:03","slug":"kapcsolat","status":"publish","type":"page","link":"https:\/\/www.eastvill.hu\/?page_id=940","title":{"rendered":"Kapcsolat"},"content":{"rendered":"\n<div class=\"wp-block-group\"><div class=\"wp-block-group__inner-container is-layout-flow wp-block-group-is-layout-flow\">\n<pre class=\"wp-block-preformatted\"><img loading=\"lazy\" decoding=\"async\" width=\"150\" height=\"150\" class=\"wp-image-942\" style=\"width: 150px;\" src=\"http:\/\/www.eastvill.hu\/wp-content\/uploads\/2022\/02\/eastvill-telefon-QR-kod.png\" alt=\"\" srcset=\"https:\/\/www.eastvill.hu\/wp-content\/uploads\/2022\/02\/eastvill-telefon-QR-kod.png 1250w, https:\/\/www.eastvill.hu\/wp-content\/uploads\/2022\/02\/eastvill-telefon-QR-kod-300x300.png 300w, https:\/\/www.eastvill.hu\/wp-content\/uploads\/2022\/02\/eastvill-telefon-QR-kod-1024x1024.png 1024w, https:\/\/www.eastvill.hu\/wp-content\/uploads\/2022\/02\/eastvill-telefon-QR-kod-150x150.png 150w, https:\/\/www.eastvill.hu\/wp-content\/uploads\/2022\/02\/eastvill-telefon-QR-kod-768x768.png 768w\" sizes=\"auto, (max-width: 150px) 100vw, 150px\" \/>Telefon: +36 70 338 4972<\/pre>\n<\/div><\/div>\n\n\n\n<pre class=\"wp-block-preformatted\"><img loading=\"lazy\" decoding=\"async\" width=\"150\" height=\"150\" class=\"wp-image-941\" style=\"width: 150px;\" src=\"http:\/\/www.eastvill.hu\/wp-content\/uploads\/2022\/02\/eastvill-emailcim-QR-kod.png\" alt=\"\" srcset=\"https:\/\/www.eastvill.hu\/wp-content\/uploads\/2022\/02\/eastvill-emailcim-QR-kod.png 1250w, https:\/\/www.eastvill.hu\/wp-content\/uploads\/2022\/02\/eastvill-emailcim-QR-kod-300x300.png 300w, https:\/\/www.eastvill.hu\/wp-content\/uploads\/2022\/02\/eastvill-emailcim-QR-kod-1024x1024.png 1024w, https:\/\/www.eastvill.hu\/wp-content\/uploads\/2022\/02\/eastvill-emailcim-QR-kod-150x150.png 150w, https:\/\/www.eastvill.hu\/wp-content\/uploads\/2022\/02\/eastvill-emailcim-QR-kod-768x768.png 768w\" sizes=\"auto, (max-width: 150px) 100vw, 150px\" \/>E-mail: eastvillhungary@gmail.com \n<\/pre>\n\n\n\n<pre class=\"wp-block-preformatted\"><img loading=\"lazy\" decoding=\"async\" width=\"150\" height=\"150\" class=\"wp-image-943\" style=\"width: 150px;\" src=\"http:\/\/www.eastvill.hu\/wp-content\/uploads\/2022\/02\/eastvill-postacim-QR-kod.png\" alt=\"\" srcset=\"https:\/\/www.eastvill.hu\/wp-content\/uploads\/2022\/02\/eastvill-postacim-QR-kod.png 300w, https:\/\/www.eastvill.hu\/wp-content\/uploads\/2022\/02\/eastvill-postacim-QR-kod-150x150.png 150w\" sizes=\"auto, (max-width: 150px) 100vw, 150px\" \/>Postac\u00edm: 4400 Ny\u00edregyh\u00e1za Hajd\u00fa utca 63.<\/pre>\n\n\n\n<ul class=\"wp-block-social-links is-layout-flex wp-block-social-links-is-layout-flex\"><\/ul>\n\n\n\n<p><\/p>\n","protected":false},"excerpt":{"rendered":"<p>Telefon: +36 70 338 4972 E-mail: eastvillhungary@gmail.com Postac\u00edm: 4400 Ny\u00edregyh\u00e1za Hajd\u00fa utca 63.<\/p>\n","protected":false},"author":1,"featured_media":0,"parent":0,"menu_order":0,"comment_status":"closed","ping_status":"closed","template":"","meta":{"footnotes":""},"class_list":["post-940","page","type-page","status-publish","hentry"],"_links":{"self":[{"href":"https:\/\/www.eastvill.hu\/index.php?rest_route=\/wp\/v2\/pages\/940","targetHints":{"allow":["GET"]}}],"collection":[{"href":"https:\/\/www.eastvill.hu\/index.php?rest_route=\/wp\/v2\/pages"}],"about":[{"href":"https:\/\/www.eastvill.hu\/index.php?rest_route=\/wp\/v2\/types\/page"}],"author":[{"embeddable":true,"href":"https:\/\/www.eastvill.hu\/index.php?rest_route=\/wp\/v2\/users\/1"}],"replies":[{"embeddable":true,"href":"https:\/\/www.eastvill.hu\/index.php?rest_route=%2Fwp%2Fv2%2Fcomments&post=940"}],"version-history":[{"count":1,"href":"https:\/\/www.eastvill.hu\/index.php?rest_route=\/wp\/v2\/pages\/940\/revisions"}],"predecessor-version":[{"id":944,"href":"https:\/\/www.eastvill.hu\/index.php?rest_route=\/wp\/v2\/pages\/940\/revisions\/944"}],"wp:attachment":[{"href":"https:\/\/www.eastvill.hu\/index.php?rest_route=%2Fwp%2Fv2%2Fmedia&parent=940"}],"curies":[{"name":"wp","href":"https:\/\/api.w.org\/{rel}","templated":true}]}}